{"id":248,"date":"2024-02-12T12:07:23","date_gmt":"2024-02-12T11:07:23","guid":{"rendered":"https:\/\/hebea.mailbox-marketing5.be\/?page_id=248"},"modified":"2024-05-02T13:18:32","modified_gmt":"2024-05-02T11:18:32","slug":"sitemap","status":"publish","type":"page","link":"https:\/\/www.hebea.be\/fr\/plan-du-site\/","title":{"rendered":"Plan du site"},"content":{"rendered":"<div data-elementor-type=\"wp-page\" data-elementor-id=\"248\" class=\"elementor elementor-248\" data-elementor-post-type=\"page\">\n\t\t\t\t<div class=\"elementor-element elementor-element-088a239 e-flex e-con-boxed e-con e-parent\" data-id=\"088a239\" data-element_type=\"container\" data-e-type=\"container\" data-settings=\"{&quot;background_background&quot;:&quot;classic&quot;,&quot;jet_parallax_layout_list&quot;:[]}\">\n\t\t\t\t\t<div class=\"e-con-inner\">\n\t\t\t\t<div class=\"elementor-element elementor-element-94dadd7 elementor-widget elementor-widget-heading\" data-id=\"94dadd7\" data-element_type=\"widget\" data-e-type=\"widget\" data-widget_type=\"heading.default\">\n\t\t\t\t<div class=\"elementor-widget-container\">\n\t\t\t\t\t<h1 class=\"elementor-heading-title elementor-size-default\">Plan du site<\/h1>\t\t\t\t<\/div>\n\t\t\t\t<\/div>\n\t\t\t\t<div class=\"elementor-element elementor-element-c1e8353 elementor-widget elementor-widget-sitemap\" data-id=\"c1e8353\" data-element_type=\"widget\" data-e-type=\"widget\" data-widget_type=\"sitemap.default\">\n\t\t\t\t<div class=\"elementor-widget-container\">\n\t\t\t\t\t<div class=\"elementor-sitemap-wrap\"><div class=\"elementor-sitemap-section\"><h3 class=\"elementor-sitemap-title elementor-sitemap-page-title\">Pages<\/h3><ul class=\"elementor-sitemap-list elementor-sitemap-page-list\"><li class=\"elementor-sitemap-item elementor-sitemap-item-page page_item page-item-1029\"><a href=\"https:\/\/www.hebea.be\/fr\/conditions-generales\/\">Conditions g\u00e9n\u00e9rales d'utilisation<\/a><\/li><li class=\"elementor-sitemap-item elementor-sitemap-item-page page_item page-item-18\"><a href=\"https:\/\/www.hebea.be\/fr\/appareils\/\">Appareils<\/a><\/li><li class=\"elementor-sitemap-item elementor-sitemap-item-page page_item page-item-16\"><a href=\"https:\/\/www.hebea.be\/fr\/traitements\/\">Traitements<\/a><\/li><li class=\"elementor-sitemap-item elementor-sitemap-item-page page_item page-item-2671\"><a href=\"https:\/\/www.hebea.be\/fr\/brochures\/\">Brochures<\/a><\/li><li class=\"elementor-sitemap-item elementor-sitemap-item-page page_item page-item-228\"><a href=\"https:\/\/www.hebea.be\/fr\/contact\/\">Contact<\/a><\/li><li class=\"elementor-sitemap-item elementor-sitemap-item-page page_item page-item-6793\"><a href=\"https:\/\/www.hebea.be\/fr\/formations\/\">T\u00e9l\u00e9chargements<\/a><\/li><li class=\"elementor-sitemap-item elementor-sitemap-item-page page_item page-item-14\"><a href=\"https:\/\/www.hebea.be\/fr\/\">Accueil<\/a><\/li><li class=\"elementor-sitemap-item elementor-sitemap-item-page page_item page-item-5698\"><a href=\"https:\/\/www.hebea.be\/fr\/actualites-evenements\/\">Actualit\u00e9s et \u00e9v\u00e9nements<\/a><\/li><li class=\"elementor-sitemap-item elementor-sitemap-item-page page_item page-item-220\"><a href=\"https:\/\/www.hebea.be\/fr\/nos-marques\/\">Nos marques<\/a><\/li><li class=\"elementor-sitemap-item elementor-sitemap-item-page page_item page-item-20\"><a href=\"https:\/\/www.hebea.be\/fr\/formations\/\">Formations<\/a><\/li><li class=\"elementor-sitemap-item elementor-sitemap-item-page page_item page-item-222\"><a href=\"https:\/\/www.hebea.be\/fr\/a-propos-de-nous\/\">A propos d'Hebea<\/a><\/li><li class=\"elementor-sitemap-item elementor-sitemap-item-page page_item page-item-246\"><a href=\"https:\/\/www.hebea.be\/fr\/politique-de-confidentialite\/\">Vie priv\u00e9e<\/a><\/li><li class=\"elementor-sitemap-item elementor-sitemap-item-page page_item page-item-474\"><a href=\"https:\/\/www.hebea.be\/fr\/revues\/\">Commentaires<\/a><\/li><li class=\"elementor-sitemap-item elementor-sitemap-item-page page_item page-item-248\"><a href=\"https:\/\/www.hebea.be\/fr\/plan-du-site\/\">Plan du site<\/a><\/li><\/ul><\/div><div class=\"elementor-sitemap-section\"><h3 class=\"elementor-sitemap-title elementor-sitemap-behandeling-title\">Traitements<\/h3><ul class=\"elementor-sitemap-list elementor-sitemap-behandeling-list\"><li class=\"elementor-sitemap-item elementor-sitemap-item-behandeling page_item page-item-6192\"><a href=\"https:\/\/www.hebea.be\/fr\/behandeling\/amelioration-cutanee-lumiere-pulsee-3dipl\/\">Am\u00e9lioration de la peau par la lumi\u00e8re puls\u00e9e en 3D<\/a><\/li><li class=\"elementor-sitemap-item elementor-sitemap-item-behandeling page_item page-item-6201\"><a href=\"https:\/\/www.hebea.be\/fr\/behandeling\/bodycontouring-remodelage-du-corps\/\">Remodelage du corps et r\u00e9duction de la graisse<\/a><\/li><li class=\"elementor-sitemap-item elementor-sitemap-item-behandeling page_item page-item-6236\"><a href=\"https:\/\/www.hebea.be\/fr\/behandeling\/traitement-de-la-cellulite\/\">Traitement de la cellulite<\/a><\/li><li class=\"elementor-sitemap-item elementor-sitemap-item-behandeling page_item page-item-6239\"><a href=\"https:\/\/www.hebea.be\/fr\/behandeling\/esa\/\">ESA<\/a><\/li><li class=\"elementor-sitemap-item elementor-sitemap-item-behandeling page_item page-item-6207\"><a href=\"https:\/\/www.hebea.be\/fr\/behandeling\/geneo\/\">Geneo<\/a><\/li><li class=\"elementor-sitemap-item elementor-sitemap-item-behandeling page_item page-item-6210\"><a href=\"https:\/\/www.hebea.be\/fr\/behandeling\/rafermissement-de-la-peau\/\">Raffermissement de la peau<\/a><\/li><li class=\"elementor-sitemap-item elementor-sitemap-item-behandeling page_item page-item-6213\"><a href=\"https:\/\/www.hebea.be\/fr\/behandeling\/epilation-au-laser\/\">\u00c9pilation au laser<\/a><\/li><li class=\"elementor-sitemap-item elementor-sitemap-item-behandeling page_item page-item-6216\"><a href=\"https:\/\/www.hebea.be\/fr\/behandeling\/microblading\/\">Microblading<\/a><\/li><li class=\"elementor-sitemap-item elementor-sitemap-item-behandeling page_item page-item-6219\"><a href=\"https:\/\/www.hebea.be\/fr\/behandeling\/microdermabrasion\/\">Microdermabrasion<\/a><\/li><li class=\"elementor-sitemap-item elementor-sitemap-item-behandeling page_item page-item-6221\"><a href=\"https:\/\/www.hebea.be\/fr\/behandeling\/microneedling-radiofrequence\/\">Microneedling + Radiofr\u00e9quence<\/a><\/li><li class=\"elementor-sitemap-item elementor-sitemap-item-behandeling page_item page-item-6245\"><a href=\"https:\/\/www.hebea.be\/fr\/behandeling\/maquillage-mineral\/\">Maquillage min\u00e9ral<\/a><\/li><li class=\"elementor-sitemap-item elementor-sitemap-item-behandeling page_item page-item-6204\"><a href=\"https:\/\/www.hebea.be\/fr\/behandeling\/peelings\/\">Peelings<\/a><\/li><li class=\"elementor-sitemap-item elementor-sitemap-item-behandeling page_item page-item-6224\"><a href=\"https:\/\/www.hebea.be\/fr\/behandeling\/maquillage-permanent\/\">Maquillage permanent<\/a><\/li><li class=\"elementor-sitemap-item elementor-sitemap-item-behandeling page_item page-item-6227\"><a href=\"https:\/\/www.hebea.be\/fr\/behandeling\/radiofrequence\/\">Radiofr\u00e9quence<\/a><\/li><li class=\"elementor-sitemap-item elementor-sitemap-item-behandeling page_item page-item-6242\"><a href=\"https:\/\/www.hebea.be\/fr\/behandeling\/specialisation-dans-les-problemes-de-peau\/\">Sp\u00e9cialisation probl\u00e8mes de peau<\/a><\/li><li class=\"elementor-sitemap-item elementor-sitemap-item-behandeling page_item page-item-6230\"><a href=\"https:\/\/www.hebea.be\/fr\/behandeling\/epilation-au-sucre\/\">\u00c9pilation au sucre<\/a><\/li><li class=\"elementor-sitemap-item elementor-sitemap-item-behandeling page_item page-item-6233\"><a href=\"https:\/\/www.hebea.be\/fr\/behandeling\/traitement-a-loxygene\/\">Traitement \u00e0 l'oxyg\u00e8ne<\/a><\/li><\/ul><\/div><div class=\"elementor-sitemap-section\"><h3 class=\"elementor-sitemap-title elementor-sitemap-salonbehandeling-title\">Traitements en salon<\/h3><ul class=\"elementor-sitemap-list elementor-sitemap-salonbehandeling-list\"><li class=\"elementor-sitemap-item elementor-sitemap-item-salonbehandeling page_item page-item-6168\"><a href=\"https:\/\/www.hebea.be\/fr\/salonbehandeling\/geneo-amelioration-cutanee\/\">Geneo - Am\u00e9lioration de la peau<\/a><\/li><li class=\"elementor-sitemap-item elementor-sitemap-item-salonbehandeling page_item page-item-6171\"><a href=\"https:\/\/www.hebea.be\/fr\/salonbehandeling\/microneedling\/\">Microneedling<\/a><\/li><\/ul><\/div><\/div>\t\t\t\t<\/div>\n\t\t\t\t<\/div>\n\t\t\t\t<div class=\"elementor-element elementor-element-2202382 elementor-widget elementor-widget-sitemap\" data-id=\"2202382\" data-element_type=\"widget\" data-e-type=\"widget\" data-widget_type=\"sitemap.default\">\n\t\t\t\t<div class=\"elementor-widget-container\">\n\t\t\t\t\t<div class=\"elementor-sitemap-wrap\"><div class=\"elementor-sitemap-section\"><h3 class=\"elementor-sitemap-title elementor-sitemap-opleiding-title\">Formations<\/h3><ul class=\"elementor-sitemap-list elementor-sitemap-opleiding-list\"><li class=\"elementor-sitemap-item elementor-sitemap-item-opleiding page_item page-item-6908\"><a href=\"https:\/\/www.hebea.be\/fr\/opleiding\/formation-sante-cutanee-360\/\">Healthy Skin Academy - Programme annuel<\/a><\/li><li class=\"elementor-sitemap-item elementor-sitemap-item-opleiding page_item page-item-6872\"><a href=\"https:\/\/www.hebea.be\/fr\/opleiding\/midi-esthetique-lancement-de-levenement\/\">Noon Aesthetics LAUNCH EVENT (\u00e9v\u00e9nement de lancement)<\/a><\/li><li class=\"elementor-sitemap-item elementor-sitemap-item-opleiding page_item page-item-1060\"><a href=\"https:\/\/www.hebea.be\/fr\/opleiding\/formation-sante-cutanee-360\/\">Formation Sant\u00e9 Cutan\u00e9e 360\u00b0<\/a><\/li><li class=\"elementor-sitemap-item elementor-sitemap-item-opleiding page_item page-item-6827\"><a href=\"https:\/\/www.hebea.be\/fr\/opleiding\/cours-de-maitre-en-pigmentation\/\">Formation La m\u00e9nopause et la peau<\/a><\/li><li class=\"elementor-sitemap-item elementor-sitemap-item-opleiding page_item page-item-6325\"><a href=\"https:\/\/www.hebea.be\/fr\/opleiding\/formation-microneedling\/\">Formation Microneedling<\/a><\/li><li class=\"elementor-sitemap-item elementor-sitemap-item-opleiding page_item page-item-332\"><a href=\"https:\/\/www.hebea.be\/fr\/opleiding\/therapeute-noon\/\">Formation Th\u00e9rapeute Noon<\/a><\/li><li class=\"elementor-sitemap-item elementor-sitemap-item-opleiding page_item page-item-329\"><a href=\"https:\/\/www.hebea.be\/fr\/opleiding\/formation-maquillage-permanent\/\">Formation Maquillage Permanent<\/a><\/li><li class=\"elementor-sitemap-item elementor-sitemap-item-opleiding page_item page-item-6725\"><a href=\"https:\/\/www.hebea.be\/fr\/opleiding\/cours-de-maitre-en-pigmentation\/\">Formation \u00e0 la pigmentation<\/a><\/li><li class=\"elementor-sitemap-item elementor-sitemap-item-opleiding page_item page-item-6853\"><a href=\"https:\/\/www.hebea.be\/fr\/opleiding\/cours-de-maitre-en-pigmentation\/\">Formation \u00e0 la rosac\u00e9e<\/a><\/li><li class=\"elementor-sitemap-item elementor-sitemap-item-opleiding page_item page-item-331\"><a href=\"https:\/\/www.hebea.be\/fr\/opleiding\/formation-epilation-au-sucre\/\">Formation \u00c9pilation au Sucre<\/a><\/li><\/ul><\/div><div class=\"elementor-sitemap-section\"><h3 class=\"elementor-sitemap-title elementor-sitemap-merk-title\">Marques<\/h3><ul class=\"elementor-sitemap-list elementor-sitemap-merk-list\"><li class=\"elementor-sitemap-item elementor-sitemap-item-merk page_item page-item-306\"><a href=\"https:\/\/www.hebea.be\/fr\/merk\/alexandria-professional\/\">Alexandria Professional<\/a><\/li><li class=\"elementor-sitemap-item elementor-sitemap-item-merk page_item page-item-300\"><a href=\"https:\/\/www.hebea.be\/fr\/merk\/cnc-skincare\/\">CNC Cosmetics<\/a><\/li><li class=\"elementor-sitemap-item elementor-sitemap-item-merk page_item page-item-298\"><a href=\"https:\/\/www.hebea.be\/fr\/merk\/format-k\/\">FormaTK<\/a><\/li><li class=\"elementor-sitemap-item elementor-sitemap-item-merk page_item page-item-1524\"><a href=\"https:\/\/www.hebea.be\/fr\/merk\/ionto-comed\/\">Ionto Comed<\/a><\/li><li class=\"elementor-sitemap-item elementor-sitemap-item-merk page_item page-item-641\"><a href=\"https:\/\/www.hebea.be\/fr\/merk\/kb-pro\/\">KB Pro<\/a><\/li><li class=\"elementor-sitemap-item elementor-sitemap-item-merk page_item page-item-1094\"><a href=\"https:\/\/www.hebea.be\/fr\/merk\/kb-pro\/kb-pro-microblading\/\">KB Pro Microblading<\/a><\/li><li class=\"elementor-sitemap-item elementor-sitemap-item-merk page_item page-item-952\"><a href=\"https:\/\/www.hebea.be\/fr\/merk\/kb-pro\/kb-pro-maquillage-permanent\/\">Maquillage permanent KB Pro<\/a><\/li><li class=\"elementor-sitemap-item elementor-sitemap-item-merk page_item page-item-296\"><a href=\"https:\/\/www.hebea.be\/fr\/merk\/la-bella-donna\/\">La Bella Donna<\/a><\/li><li class=\"elementor-sitemap-item elementor-sitemap-item-merk page_item page-item-304\"><a href=\"https:\/\/www.hebea.be\/fr\/merk\/noon\/\">Noon Aesthetics<\/a><\/li><li class=\"elementor-sitemap-item elementor-sitemap-item-merk page_item page-item-302\"><a href=\"https:\/\/www.hebea.be\/fr\/merk\/pollogen\/\">Pollogen<\/a><\/li><li class=\"elementor-sitemap-item elementor-sitemap-item-merk page_item page-item-1522\"><a href=\"https:\/\/www.hebea.be\/fr\/merk\/refectocil\/\">Refectocil<\/a><\/li><\/ul><\/div><div class=\"elementor-sitemap-section\"><h3 class=\"elementor-sitemap-title elementor-sitemap-apparaat-title\">Appareils<\/h3><ul class=\"elementor-sitemap-list elementor-sitemap-apparaat-list\"><li class=\"elementor-sitemap-item elementor-sitemap-item-apparaat page_item page-item-3896\"><a href=\"https:\/\/www.hebea.be\/fr\/apparaat\/digital-hand-r\/\">Digital Hand R<\/a><\/li><li class=\"elementor-sitemap-item elementor-sitemap-item-apparaat page_item page-item-1295\"><a href=\"https:\/\/www.hebea.be\/fr\/apparaat\/geneo-x\/\">Geneo X<\/a><\/li><li class=\"elementor-sitemap-item elementor-sitemap-item-apparaat page_item page-item-1108\"><a href=\"https:\/\/www.hebea.be\/fr\/apparaat\/alpha-3d-ipl\/\">Alpha Diode Laser et 3D IPL<\/a><\/li><li class=\"elementor-sitemap-item elementor-sitemap-item-apparaat page_item page-item-1300\"><a href=\"https:\/\/www.hebea.be\/fr\/apparaat\/geneo-amelioration-cutanee-2\/\">Geneo +<\/a><\/li><li class=\"elementor-sitemap-item elementor-sitemap-item-apparaat page_item page-item-382\"><a href=\"https:\/\/www.hebea.be\/fr\/apparaat\/divine-pro-rf-microneedling\/\">Divine Pro - Microneedling RF<\/a><\/li><li class=\"elementor-sitemap-item elementor-sitemap-item-apparaat page_item page-item-381\"><a href=\"https:\/\/www.hebea.be\/fr\/apparaat\/maximus-bodycontouring\/\">Maximus Body Contouring<\/a><\/li><\/ul><\/div><\/div>\t\t\t\t<\/div>\n\t\t\t\t<\/div>\n\t\t\t\t\t<\/div>\n\t\t\t\t<\/div>\n\t\t\t\t<\/div>","protected":false},"excerpt":{"rendered":"<p>Plan du site<\/p>","protected":false},"author":1,"featured_media":0,"parent":0,"menu_order":0,"comment_status":"closed","ping_status":"closed","template":"","meta":{"_seopress_robots_primary_cat":"","_seopress_titles_title":"","_seopress_titles_desc":"","_seopress_robots_index":"","footnotes":""},"class_list":["post-248","page","type-page","status-publish","hentry"],"_links":{"self":[{"href":"https:\/\/www.hebea.be\/fr\/wp-json\/wp\/v2\/pages\/248","targetHints":{"allow":["GET"]}}],"collection":[{"href":"https:\/\/www.hebea.be\/fr\/wp-json\/wp\/v2\/pages"}],"about":[{"href":"https:\/\/www.hebea.be\/fr\/wp-json\/wp\/v2\/types\/page"}],"author":[{"embeddable":true,"href":"https:\/\/www.hebea.be\/fr\/wp-json\/wp\/v2\/users\/1"}],"replies":[{"embeddable":true,"href":"https:\/\/www.hebea.be\/fr\/wp-json\/wp\/v2\/comments?post=248"}],"version-history":[{"count":0,"href":"https:\/\/www.hebea.be\/fr\/wp-json\/wp\/v2\/pages\/248\/revisions"}],"wp:attachment":[{"href":"https:\/\/www.hebea.be\/fr\/wp-json\/wp\/v2\/media?parent=248"}],"curies":[{"name":"wp","href":"https:\/\/api.w.org\/{rel}","templated":true}]}}