{"id":246,"date":"2024-02-12T12:07:15","date_gmt":"2024-02-12T11:07:15","guid":{"rendered":"https:\/\/hebea.mailbox-marketing5.be\/?page_id=246"},"modified":"2024-02-27T09:46:23","modified_gmt":"2024-02-27T08:46:23","slug":"privacy-policy","status":"publish","type":"page","link":"https:\/\/www.hebea.be\/fr\/politique-de-confidentialite\/","title":{"rendered":"Vie priv\u00e9e"},"content":{"rendered":"<div data-elementor-type=\"wp-page\" data-elementor-id=\"246\" class=\"elementor elementor-246\" data-elementor-post-type=\"page\">\n\t\t\t\t<div class=\"elementor-element elementor-element-c3afd25 e-flex e-con-boxed e-con e-parent\" data-id=\"c3afd25\" data-element_type=\"container\" data-e-type=\"container\" data-settings=\"{&quot;jet_parallax_layout_list&quot;:[]}\">\n\t\t\t\t\t<div class=\"e-con-inner\">\n\t\t\t\t<div class=\"elementor-element elementor-element-d52a3d9 elementor-widget elementor-widget-heading\" data-id=\"d52a3d9\" data-element_type=\"widget\" data-e-type=\"widget\" data-widget_type=\"heading.default\">\n\t\t\t\t<div class=\"elementor-widget-container\">\n\t\t\t\t\t<h1 class=\"elementor-heading-title elementor-size-default\">Vie priv\u00e9e<\/h1>\t\t\t\t<\/div>\n\t\t\t\t<\/div>\n\t\t\t\t<div class=\"elementor-element elementor-element-245b6b3 elementor-widget elementor-widget-text-editor\" data-id=\"245b6b3\" data-element_type=\"widget\" data-e-type=\"widget\" data-widget_type=\"text-editor.default\">\n\t\t\t\t<div class=\"elementor-widget-container\">\n\t\t\t\t\t\t\t\t\t<p>Ceci est le site web de HEBEA PROFESSIONAL<br \/>Notre adresse postale est la suivante : Steenweg op waarloos 37, 2840 Reet <br \/>Notre num\u00e9ro de TVA est BE 0667762351<br \/>Vos donn\u00e9es personnelles, notre responsabilit\u00e9 Sur notre site web, nous collectons des donn\u00e9es personnelles. Ces donn\u00e9es sont g\u00e9r\u00e9es par notre soci\u00e9t\u00e9.<\/p>\t\t\t\t\t\t\t\t<\/div>\n\t\t\t\t<\/div>\n\t\t\t\t<div class=\"elementor-element elementor-element-ad24d74 elementor-widget elementor-widget-heading\" data-id=\"ad24d74\" data-element_type=\"widget\" data-e-type=\"widget\" data-widget_type=\"heading.default\">\n\t\t\t\t<div class=\"elementor-widget-container\">\n\t\t\t\t\t<h2 class=\"elementor-heading-title elementor-size-default\">Collecte d'informations<\/h2>\t\t\t\t<\/div>\n\t\t\t\t<\/div>\n\t\t\t\t<div class=\"elementor-element elementor-element-e6f46eb elementor-widget elementor-widget-text-editor\" data-id=\"e6f46eb\" data-element_type=\"widget\" data-e-type=\"widget\" data-widget_type=\"text-editor.default\">\n\t\t\t\t<div class=\"elementor-widget-container\">\n\t\t\t\t\t\t\t\t\t<p>Nous pouvons vous demander de fournir des informations personnelles afin que vous puissiez b\u00e9n\u00e9ficier de certaines fonctionnalit\u00e9s, telles que les bulletins d'information, la possibilit\u00e9 de consulter les prix des articles, les t\u00e9l\u00e9chargements ou le traitement de votre inscription \u00e0 un s\u00e9minaire\/\u00e9v\u00e9nement, etc. Vous serez inform\u00e9 des informations obligatoires et des informations facultatives.<br \/><br \/>Nous pouvons combiner les informations que vous soumettez avec d'autres informations que nous avons recueillies aupr\u00e8s de vous, en ligne et hors ligne, y compris, par exemple, votre historique d'achat. Nous pouvons \u00e9galement les combiner avec des informations que nous recevons \u00e0 votre sujet de la part de sources d'information publiques ou tierces.<br \/><br \/>Si vous nous fournissez des informations personnelles sur une autre personne, vous d\u00e9clarez que vous \u00eates autoris\u00e9 \u00e0 le faire et que vous nous donnez la permission d'utiliser ces informations conform\u00e9ment \u00e0 la pr\u00e9sente politique de confidentialit\u00e9.<br \/>Lorsque vous visitez notre site, nous stockons les donn\u00e9es suivantes :<\/p><ul><li>Votre nom de domaine (adresse IP)<\/li><li>Votre adresse \u00e9lectronique si vous publiez des messages\/questions sur notre site web<\/li><li>Votre adresse \u00e9lectronique si vous nous la communiquez<\/li><li>Votre adresse \u00e9lectronique si vous passez une commande <\/li><li>toute information relative aux pages d'autres sites auxquelles vous avez acc\u00e9d\u00e9 pour atteindre notre site<\/li><li>Toutes les informations relatives aux pages que vous avez consult\u00e9es sur notre site web<\/li><li>toute information que vous nous avez volontairement fournie (comme les donn\u00e9es de recherche et\/ou l'enregistrement sur le site)<\/li><\/ul><p><br \/>Ces informations seront utilis\u00e9es pour :<\/p><ul><li>Analyse des donn\u00e9es, par exemple pour am\u00e9liorer l'efficacit\u00e9 de notre site web<\/li><li>Am\u00e9liorer ou modifier le contenu de notre site web<\/li><li>Permettre de vous contacter \u00e0 des fins de marketing direct<\/li><li>Identifier les tendances dans l'utilisation de notre site web<\/li><li>D\u00e9terminer l'efficacit\u00e9 de nos campagnes promotionnelles<\/li><li>vous comprendre pour personnaliser nos interactions avec vous et vous proposer des informations\/offres adapt\u00e9es \u00e0 vos centres d'int\u00e9r\u00eat<\/li><li>Comprendre vos pr\u00e9f\u00e9rences afin de vous proposer, par l'interm\u00e9diaire de ce site web, un contenu pertinent et susceptible de vous int\u00e9resser<\/li><\/ul>\t\t\t\t\t\t\t\t<\/div>\n\t\t\t\t<\/div>\n\t\t\t\t<div class=\"elementor-element elementor-element-5814f16 elementor-widget elementor-widget-heading\" data-id=\"5814f16\" data-element_type=\"widget\" data-e-type=\"widget\" data-widget_type=\"heading.default\">\n\t\t\t\t<div class=\"elementor-widget-container\">\n\t\t\t\t\t<h2 class=\"elementor-heading-title elementor-size-default\">S\u00e9curit\u00e9<\/h2>\t\t\t\t<\/div>\n\t\t\t\t<\/div>\n\t\t\t\t<div class=\"elementor-element elementor-element-f431668 elementor-widget elementor-widget-text-editor\" data-id=\"f431668\" data-element_type=\"widget\" data-e-type=\"widget\" data-widget_type=\"text-editor.default\">\n\t\t\t\t<div class=\"elementor-widget-container\">\n\t\t\t\t\t\t\t\t\t<p>Si nous recevons ou transf\u00e9rons des donn\u00e9es sur notre site web, nous utiliserons toujours les technologies de cryptage reconnues comme la norme normale dans le secteur des technologies de l'information. Nous avons pris les mesures de s\u00e9curit\u00e9 n\u00e9cessaires pour \u00e9viter la perte, l'utilisation non autoris\u00e9e ou la modification des informations re\u00e7ues sur notre site. Si nous recevons ou transf\u00e9rons des informations sensibles, comme des informations financi\u00e8res par exemple, nous utiliserons un serveur s\u00e9curis\u00e9.<br \/>Comment nous contacter au sujet de notre politique de confidentialit\u00e9 ? Si vous souhaitez faire des commentaires sur notre politique de confidentialit\u00e9, veuillez nous contacter \u00e0 l'adresse suivante :<\/p><ul><li>Courriel : info@hebea.be<\/li><li>T\u00e9l\u00e9phone : +32 3 888 52 14<\/li><li>Par courrier : steenweg op waarloos 37, Reet<\/li><\/ul><p><br \/>Donn\u00e9es que vous nous fournissez Si vous nous communiquez votre adresse postale via le web, vous pouvez recevoir des courriers p\u00e9riodiques de notre part et\/ou de nos partenaires externes contenant des informations sur les produits, les services et les \u00e9v\u00e9nements \u00e0 venir. Si vous ne souhaitez plus recevoir ce type d'informations, veuillez nous contacter \u00e0 l'adresse ci-dessus. N'oubliez pas de nous donner votre nom et votre adresse exacts (correctement orthographi\u00e9s). Nous nous engageons \u00e0 supprimer vos donn\u00e9es de la liste que nous utilisons conjointement avec nos partenaires externes.<br \/><br \/>Si vous nous avez communiqu\u00e9 votre num\u00e9ro de t\u00e9l\u00e9phone via le web, il est possible que notre soci\u00e9t\u00e9 et\/ou nos partenaires externes vous contactent par t\u00e9l\u00e9phone pour vous communiquer des informations sur nos produits et services ou sur des \u00e9v\u00e9nements \u00e0 venir. Si vous ne souhaitez plus recevoir de tels appels, veuillez nous contacter \u00e0 l'adresse ci-dessus. N'oubliez pas de nous donner votre nom et votre adresse exacts (correctement orthographi\u00e9s). Nous nous engageons \u00e0 retirer vos donn\u00e9es de la liste que nous utilisons conjointement avec nos partenaires externes.<br \/><br \/>Si vous nous avez communiqu\u00e9 votre num\u00e9ro de t\u00e9l\u00e9phone portable via le web, il est possible que notre soci\u00e9t\u00e9 et\/ou nos partenaires externes vous contactent par le biais de messages textuels (SMS\/MMS, etc.) pour vous fournir des informations sur nos produits et services ou sur des \u00e9v\u00e9nements \u00e0 venir (\u00e0 des fins de marketing direct), \u00e0 condition que vous ayez donn\u00e9 votre consentement explicite ou que vous soyez d\u00e9j\u00e0 un de nos clients et que vous nous ayez communiqu\u00e9 votre num\u00e9ro de t\u00e9l\u00e9phone. Si vous ne souhaitez plus recevoir de tels messages, veuillez nous contacter \u00e0 l'adresse ci-dessus. N'oubliez pas de nous donner votre nom et votre adresse exacts (correctement orthographi\u00e9s). Nous nous engageons \u00e0 retirer vos donn\u00e9es de la liste que nous utilisons conjointement avec nos partenaires externes.<br \/><br \/>Si vous nous avez fourni votre adresse \u00e9lectronique via le web, vous pouvez \u00eatre contact\u00e9 par notre soci\u00e9t\u00e9 et\/ou nos partenaires tiers par courrier \u00e9lectronique pour vous fournir des informations sur nos produits et services et sur les \u00e9v\u00e9nements \u00e0 venir (\u00e0 des fins de marketing direct), \u00e0 condition que vous nous ayez donn\u00e9 votre consentement explicite ou si vous \u00eates d\u00e9j\u00e0 un de nos clients et que vous nous avez donn\u00e9 votre adresse \u00e9lectronique.<\/p>\t\t\t\t\t\t\t\t<\/div>\n\t\t\t\t<\/div>\n\t\t\t\t\t<\/div>\n\t\t\t\t<\/div>\n\t\t\t\t<\/div>","protected":false},"excerpt":{"rendered":"<p>Privacy Dit is de website van HEBEA PROFESSIONALOns postadres is: Steenweg op waarloos 37, 2840 Reet Ons btw-nummer is BE 0667762351Jouw persoonlijke gegevens, onze verantwoordelijkheid Op onze website verzamelen we persoonlijke gegevens. Deze gegevens worden beheerd door ons bedrijf. Informatieverzameling We kunnen je vragen om persoonlijke informatie in te dienen zodat je kunt profiteren van [&hellip;]<\/p>\n","protected":false},"author":1,"featured_media":0,"parent":0,"menu_order":0,"comment_status":"closed","ping_status":"closed","template":"","meta":{"_seopress_robots_primary_cat":"","_seopress_titles_title":"","_seopress_titles_desc":"","_seopress_robots_index":"","footnotes":""},"class_list":["post-246","page","type-page","status-publish","hentry"],"_links":{"self":[{"href":"https:\/\/www.hebea.be\/fr\/wp-json\/wp\/v2\/pages\/246","targetHints":{"allow":["GET"]}}],"collection":[{"href":"https:\/\/www.hebea.be\/fr\/wp-json\/wp\/v2\/pages"}],"about":[{"href":"https:\/\/www.hebea.be\/fr\/wp-json\/wp\/v2\/types\/page"}],"author":[{"embeddable":true,"href":"https:\/\/www.hebea.be\/fr\/wp-json\/wp\/v2\/users\/1"}],"replies":[{"embeddable":true,"href":"https:\/\/www.hebea.be\/fr\/wp-json\/wp\/v2\/comments?post=246"}],"version-history":[{"count":0,"href":"https:\/\/www.hebea.be\/fr\/wp-json\/wp\/v2\/pages\/246\/revisions"}],"wp:attachment":[{"href":"https:\/\/www.hebea.be\/fr\/wp-json\/wp\/v2\/media?parent=246"}],"curies":[{"name":"wp","href":"https:\/\/api.w.org\/{rel}","templated":true}]}}