{"id":16,"date":"2024-02-06T16:27:30","date_gmt":"2024-02-06T15:27:30","guid":{"rendered":"https:\/\/hebea.mailbox-marketing5.be\/?page_id=16"},"modified":"2024-04-17T15:34:10","modified_gmt":"2024-04-17T13:34:10","slug":"behandelingen","status":"publish","type":"page","link":"https:\/\/www.hebea.be\/fr\/traitements\/","title":{"rendered":"Traitements"},"content":{"rendered":"<div data-elementor-type=\"wp-page\" data-elementor-id=\"16\" class=\"elementor elementor-16\" data-elementor-post-type=\"page\">\n\t\t\t\t<div class=\"elementor-element elementor-element-806e5e3 e-con-full e-flex e-con e-parent\" data-id=\"806e5e3\" data-element_type=\"container\" data-e-type=\"container\" data-settings=\"{&quot;background_background&quot;:&quot;classic&quot;,&quot;jet_parallax_layout_list&quot;:[]}\">\n\t\t<div class=\"elementor-element elementor-element-f73d3d8 e-con-full e-flex e-con e-child\" data-id=\"f73d3d8\" data-element_type=\"container\" data-e-type=\"container\" data-settings=\"{&quot;jet_parallax_layout_list&quot;:[]}\">\n\t\t<div class=\"elementor-element elementor-element-df6f0b5 e-con-full e-flex e-con e-child\" data-id=\"df6f0b5\" data-element_type=\"container\" data-e-type=\"container\" data-settings=\"{&quot;jet_parallax_layout_list&quot;:[]}\">\n\t\t\t\t<div class=\"elementor-element elementor-element-696d088 elementor-widget elementor-widget-heading\" data-id=\"696d088\" data-element_type=\"widget\" data-e-type=\"widget\" data-widget_type=\"heading.default\">\n\t\t\t\t<div class=\"elementor-widget-container\">\n\t\t\t\t\t<h1 class=\"elementor-heading-title elementor-size-default\">Traitements<\/h1>\t\t\t\t<\/div>\n\t\t\t\t<\/div>\n\t\t\t\t<div class=\"elementor-element elementor-element-ea5132b elementor-widget elementor-widget-text-editor\" data-id=\"ea5132b\" data-element_type=\"widget\" data-e-type=\"widget\" data-widget_type=\"text-editor.default\">\n\t\t\t\t<div class=\"elementor-widget-container\">\n\t\t\t\t\t\t\t\t\t<p>Explorez notre vaste gamme de traitements, con\u00e7us pour r\u00e9pondre \u00e0 tous les besoins de la peau. Des solutions anti-\u00e2ge avanc\u00e9es \u00e0 l'am\u00e9lioration cibl\u00e9e de la peau, nos traitements associent les techniques les plus r\u00e9centes \u00e0 une expertise approfondie pour vous offrir, ainsi qu'\u00e0 vos clients, des r\u00e9sultats visibles et durables.<\/p>\t\t\t\t\t\t\t\t<\/div>\n\t\t\t\t<\/div>\n\t\t\t\t<\/div>\n\t\t\t\t<\/div>\n\t\t<div class=\"elementor-element elementor-element-b306ba6 e-con-full e-flex e-con e-child\" data-id=\"b306ba6\" data-element_type=\"container\" data-e-type=\"container\" data-settings=\"{&quot;background_background&quot;:&quot;classic&quot;,&quot;jet_parallax_layout_list&quot;:[]}\">\n\t\t\t\t<\/div>\n\t\t\t\t<\/div>\n\t\t<div class=\"elementor-element elementor-element-e6e6457 e-flex e-con-boxed e-con e-parent\" data-id=\"e6e6457\" data-element_type=\"container\" data-e-type=\"container\" id=\"behandelpagina\" data-settings=\"{&quot;background_background&quot;:&quot;classic&quot;,&quot;jet_parallax_layout_list&quot;:[]}\">\n\t\t\t\t\t<div class=\"e-con-inner\">\n\t\t\t\t<div class=\"elementor-element elementor-element-ac16ee9 mega-menu-drop elementor-nav-menu--dropdown-none elementor-widget elementor-widget-nav-menu\" data-id=\"ac16ee9\" data-element_type=\"widget\" data-e-type=\"widget\" data-settings=\"{&quot;layout&quot;:&quot;vertical&quot;,&quot;submenu_icon&quot;:{&quot;value&quot;:&quot;&lt;svg aria-hidden=\\&quot;true\\&quot; class=\\&quot;e-font-icon-svg e-fas-caret-down\\&quot; viewBox=\\&quot;0 0 320 512\\&quot; xmlns=\\&quot;http:\\\/\\\/www.w3.org\\\/2000\\\/svg\\&quot;&gt;&lt;path d=\\&quot;M31.3 192h257.3c17.8 0 26.7 21.5 14.1 34.1L174.1 354.8c-7.8 7.8-20.5 7.8-28.3 0L17.2 226.1C4.6 213.5 13.5 192 31.3 192z\\&quot;&gt;&lt;\\\/path&gt;&lt;\\\/svg&gt;&quot;,&quot;library&quot;:&quot;fa-solid&quot;}}\" data-widget_type=\"nav-menu.default\">\n\t\t\t\t<div class=\"elementor-widget-container\">\n\t\t\t\t\t\t\t\t<nav aria-label=\"Menu\" class=\"elementor-nav-menu--main elementor-nav-menu__container elementor-nav-menu--layout-vertical e--pointer-underline e--animation-fade\">\n\t\t\t\t<ul id=\"menu-1-ac16ee9\" class=\"elementor-nav-menu sm-vertical\"><li class=\"menu-item menu-item-type-post_type menu-item-object-behandeling menu-item-6254\"><a href=\"https:\/\/www.hebea.be\/fr\/behandeling\/traitement-de-la-cellulite\/\" class=\"elementor-item\">Traitement de la cellulite<\/a><\/li>\n<li class=\"menu-item menu-item-type-post_type menu-item-object-behandeling menu-item-6253\"><a href=\"https:\/\/www.hebea.be\/fr\/behandeling\/esa\/\" class=\"elementor-item\">ESA<\/a><\/li>\n<li class=\"menu-item menu-item-type-post_type menu-item-object-behandeling menu-item-6264\"><a href=\"https:\/\/www.hebea.be\/fr\/behandeling\/geneo\/\" class=\"elementor-item\">Geneo<\/a><\/li>\n<li class=\"menu-item menu-item-type-post_type menu-item-object-behandeling menu-item-6263\"><a href=\"https:\/\/www.hebea.be\/fr\/behandeling\/rafermissement-de-la-peau\/\" class=\"elementor-item\">Raffermissement de la peau<\/a><\/li>\n<li class=\"menu-item menu-item-type-post_type menu-item-object-behandeling menu-item-6262\"><a href=\"https:\/\/www.hebea.be\/fr\/behandeling\/epilation-au-laser\/\" class=\"elementor-item\">\u00c9pilation au laser<\/a><\/li>\n<li class=\"menu-item menu-item-type-post_type menu-item-object-behandeling menu-item-6259\"><a href=\"https:\/\/www.hebea.be\/fr\/behandeling\/microneedling-radiofrequence\/\" class=\"elementor-item\">Microneedling + Radiofr\u00e9quence<\/a><\/li>\n<li class=\"menu-item menu-item-type-post_type menu-item-object-behandeling menu-item-6260\"><a href=\"https:\/\/www.hebea.be\/fr\/behandeling\/microdermabrasion\/\" class=\"elementor-item\">Microdermabrasion<\/a><\/li>\n<li class=\"menu-item menu-item-type-post_type menu-item-object-behandeling menu-item-6261\"><a href=\"https:\/\/www.hebea.be\/fr\/behandeling\/microblading\/\" class=\"elementor-item\">Microblading<\/a><\/li>\n<li class=\"menu-item menu-item-type-post_type menu-item-object-behandeling menu-item-6251\"><a href=\"https:\/\/www.hebea.be\/fr\/behandeling\/maquillage-mineral\/\" class=\"elementor-item\">Maquillage min\u00e9ral<\/a><\/li>\n<li class=\"menu-item menu-item-type-post_type menu-item-object-behandeling menu-item-6265\"><a href=\"https:\/\/www.hebea.be\/fr\/behandeling\/peelings\/\" class=\"elementor-item\">Peelings<\/a><\/li>\n<li class=\"menu-item menu-item-type-post_type menu-item-object-behandeling menu-item-6258\"><a href=\"https:\/\/www.hebea.be\/fr\/behandeling\/maquillage-permanent\/\" class=\"elementor-item\">Maquillage permanent<\/a><\/li>\n<li class=\"menu-item menu-item-type-post_type menu-item-object-behandeling menu-item-6257\"><a href=\"https:\/\/www.hebea.be\/fr\/behandeling\/radiofrequence\/\" class=\"elementor-item\">Radiofr\u00e9quence<\/a><\/li>\n<li class=\"menu-item menu-item-type-post_type menu-item-object-behandeling menu-item-6252\"><a href=\"https:\/\/www.hebea.be\/fr\/behandeling\/specialisation-dans-les-problemes-de-peau\/\" class=\"elementor-item\">Sp\u00e9cialisation Probl\u00e8mes de peau<\/a><\/li>\n<li class=\"menu-item menu-item-type-post_type menu-item-object-behandeling menu-item-6256\"><a href=\"https:\/\/www.hebea.be\/fr\/behandeling\/epilation-au-sucre\/\" class=\"elementor-item\">\u00c9pilation au sucre<\/a><\/li>\n<li class=\"menu-item menu-item-type-post_type menu-item-object-behandeling menu-item-6255\"><a href=\"https:\/\/www.hebea.be\/fr\/behandeling\/traitement-a-loxygene\/\" class=\"elementor-item\">Traitement \u00e0 l'oxyg\u00e8ne<\/a><\/li>\n<li class=\"menu-overzicht menu-item menu-item-type-post_type menu-item-object-page menu-item-5984\"><a href=\"https:\/\/www.hebea.be\/fr\/traitements\/\" class=\"elementor-item\">Traitements<\/a><\/li>\n<\/ul>\t\t\t<\/nav>\n\t\t\t\t\t\t<nav class=\"elementor-nav-menu--dropdown elementor-nav-menu__container\" aria-hidden=\"true\">\n\t\t\t\t<ul id=\"menu-2-ac16ee9\" class=\"elementor-nav-menu sm-vertical\"><li class=\"menu-item menu-item-type-post_type menu-item-object-behandeling menu-item-6254\"><a href=\"https:\/\/www.hebea.be\/fr\/behandeling\/traitement-de-la-cellulite\/\" class=\"elementor-item\" tabindex=\"-1\">Traitement de la cellulite<\/a><\/li>\n<li class=\"menu-item menu-item-type-post_type menu-item-object-behandeling menu-item-6253\"><a href=\"https:\/\/www.hebea.be\/fr\/behandeling\/esa\/\" class=\"elementor-item\" tabindex=\"-1\">ESA<\/a><\/li>\n<li class=\"menu-item menu-item-type-post_type menu-item-object-behandeling menu-item-6264\"><a href=\"https:\/\/www.hebea.be\/fr\/behandeling\/geneo\/\" class=\"elementor-item\" tabindex=\"-1\">Geneo<\/a><\/li>\n<li class=\"menu-item menu-item-type-post_type menu-item-object-behandeling menu-item-6263\"><a href=\"https:\/\/www.hebea.be\/fr\/behandeling\/rafermissement-de-la-peau\/\" class=\"elementor-item\" tabindex=\"-1\">Raffermissement de la peau<\/a><\/li>\n<li class=\"menu-item menu-item-type-post_type menu-item-object-behandeling menu-item-6262\"><a href=\"https:\/\/www.hebea.be\/fr\/behandeling\/epilation-au-laser\/\" class=\"elementor-item\" tabindex=\"-1\">\u00c9pilation au laser<\/a><\/li>\n<li class=\"menu-item menu-item-type-post_type menu-item-object-behandeling menu-item-6259\"><a href=\"https:\/\/www.hebea.be\/fr\/behandeling\/microneedling-radiofrequence\/\" class=\"elementor-item\" tabindex=\"-1\">Microneedling + Radiofr\u00e9quence<\/a><\/li>\n<li class=\"menu-item menu-item-type-post_type menu-item-object-behandeling menu-item-6260\"><a href=\"https:\/\/www.hebea.be\/fr\/behandeling\/microdermabrasion\/\" class=\"elementor-item\" tabindex=\"-1\">Microdermabrasion<\/a><\/li>\n<li class=\"menu-item menu-item-type-post_type menu-item-object-behandeling menu-item-6261\"><a href=\"https:\/\/www.hebea.be\/fr\/behandeling\/microblading\/\" class=\"elementor-item\" tabindex=\"-1\">Microblading<\/a><\/li>\n<li class=\"menu-item menu-item-type-post_type menu-item-object-behandeling menu-item-6251\"><a href=\"https:\/\/www.hebea.be\/fr\/behandeling\/maquillage-mineral\/\" class=\"elementor-item\" tabindex=\"-1\">Maquillage min\u00e9ral<\/a><\/li>\n<li class=\"menu-item menu-item-type-post_type menu-item-object-behandeling menu-item-6265\"><a href=\"https:\/\/www.hebea.be\/fr\/behandeling\/peelings\/\" class=\"elementor-item\" tabindex=\"-1\">Peelings<\/a><\/li>\n<li class=\"menu-item menu-item-type-post_type menu-item-object-behandeling menu-item-6258\"><a href=\"https:\/\/www.hebea.be\/fr\/behandeling\/maquillage-permanent\/\" class=\"elementor-item\" tabindex=\"-1\">Maquillage permanent<\/a><\/li>\n<li class=\"menu-item menu-item-type-post_type menu-item-object-behandeling menu-item-6257\"><a href=\"https:\/\/www.hebea.be\/fr\/behandeling\/radiofrequence\/\" class=\"elementor-item\" tabindex=\"-1\">Radiofr\u00e9quence<\/a><\/li>\n<li class=\"menu-item menu-item-type-post_type menu-item-object-behandeling menu-item-6252\"><a href=\"https:\/\/www.hebea.be\/fr\/behandeling\/specialisation-dans-les-problemes-de-peau\/\" class=\"elementor-item\" tabindex=\"-1\">Sp\u00e9cialisation Probl\u00e8mes de peau<\/a><\/li>\n<li class=\"menu-item menu-item-type-post_type menu-item-object-behandeling menu-item-6256\"><a href=\"https:\/\/www.hebea.be\/fr\/behandeling\/epilation-au-sucre\/\" class=\"elementor-item\" tabindex=\"-1\">\u00c9pilation au sucre<\/a><\/li>\n<li class=\"menu-item menu-item-type-post_type menu-item-object-behandeling menu-item-6255\"><a href=\"https:\/\/www.hebea.be\/fr\/behandeling\/traitement-a-loxygene\/\" class=\"elementor-item\" tabindex=\"-1\">Traitement \u00e0 l'oxyg\u00e8ne<\/a><\/li>\n<li class=\"menu-overzicht menu-item menu-item-type-post_type menu-item-object-page menu-item-5984\"><a href=\"https:\/\/www.hebea.be\/fr\/traitements\/\" class=\"elementor-item\" tabindex=\"-1\">Traitements<\/a><\/li>\n<\/ul>\t\t\t<\/nav>\n\t\t\t\t\t\t<\/div>\n\t\t\t\t<\/div>\n\t\t\t\t\t<\/div>\n\t\t\t\t<\/div>\n\t\t\t\t<\/div>","protected":false},"excerpt":{"rendered":"<p>Traitements D\u00e9couvrez notre vaste gamme de traitements, con\u00e7us pour r\u00e9pondre \u00e0 tous les besoins de la peau. Des solutions anti-\u00e2ge avanc\u00e9es \u00e0 l'am\u00e9lioration cibl\u00e9e de la peau, nos traitements associent les techniques les plus r\u00e9centes \u00e0 une expertise approfondie pour vous offrir, ainsi qu'\u00e0 vos clients, des r\u00e9sultats visibles et durables.<\/p>","protected":false},"author":1,"featured_media":0,"parent":0,"menu_order":0,"comment_status":"closed","ping_status":"closed","template":"","meta":{"_seopress_robots_primary_cat":"","_seopress_titles_title":"","_seopress_titles_desc":"","_seopress_robots_index":"","footnotes":""},"class_list":["post-16","page","type-page","status-publish","hentry"],"_links":{"self":[{"href":"https:\/\/www.hebea.be\/fr\/wp-json\/wp\/v2\/pages\/16","targetHints":{"allow":["GET"]}}],"collection":[{"href":"https:\/\/www.hebea.be\/fr\/wp-json\/wp\/v2\/pages"}],"about":[{"href":"https:\/\/www.hebea.be\/fr\/wp-json\/wp\/v2\/types\/page"}],"author":[{"embeddable":true,"href":"https:\/\/www.hebea.be\/fr\/wp-json\/wp\/v2\/users\/1"}],"replies":[{"embeddable":true,"href":"https:\/\/www.hebea.be\/fr\/wp-json\/wp\/v2\/comments?post=16"}],"version-history":[{"count":0,"href":"https:\/\/www.hebea.be\/fr\/wp-json\/wp\/v2\/pages\/16\/revisions"}],"wp:attachment":[{"href":"https:\/\/www.hebea.be\/fr\/wp-json\/wp\/v2\/media?parent=16"}],"curies":[{"name":"wp","href":"https:\/\/api.w.org\/{rel}","templated":true}]}}